{"id":11,"date":"2018-05-15T10:30:27","date_gmt":"2018-05-15T08:30:27","guid":{"rendered":"https:\/\/dolowy.com.pl\/?page_id=11"},"modified":"2019-02-27T22:13:29","modified_gmt":"2019-02-27T21:13:29","slug":"strona-glowna","status":"publish","type":"page","link":"https:\/\/dolowy.com.pl\/","title":{"rendered":"Strona g\u0142\u00f3wna"},"content":{"rendered":"\r\n\r\n<div class=\"row pierwsza-sekcja\">\r\n    <div class=\"col-sm-12 text-center\">\r\n        <h2 class=\"nag-h2\">Produkty<\/h2>\r\n    <\/div>\r\n    <div class=\"col-sm-4\">\r\n        <a href=\"https:\/\/dolowy.com.pl\/nasadki-z-surlynu\/\">\r\n            <div class=\"ob-1 obraz\">\r\n                <div class=\"obraz-1-overlay product-overlay\">\r\n                    <h2 class=\"name-hover\">Nasadki z surlynu<\/h2>\r\n                    <div class=\"overlay-content\">Zobacz wi\u0119cej<br>\r\n                        <i class=\"fas fa-arrow-right\"><\/i><\/div>\r\n                <\/div>\r\n                <div class=\"obraz-1 \">&nbsp;<\/div>\r\n            <\/div>\r\n        <\/a>\r\n        <a href=\"https:\/\/dolowy.com.pl\/nasadki-z-drewna\/\">\r\n            <div class=\"ob-5 obraz\">\r\n                <div class=\"obraz-5-overlay product-overlay\">\r\n                    <h2 class=\"name-hover\">Nasadki z drewna<\/h2>\r\n                    <div class=\"overlay-content\">Zobacz wi\u0119cej<br>\r\n                        <i class=\"fas fa-arrow-right\"><\/i><\/div>\r\n                <\/div>\r\n                <div class=\"obraz-5 \">&nbsp;<\/div>\r\n            <\/div>\r\n        <\/a>\r\n    <\/div>\r\n    <div class=\"col-sm-4\">\r\n        <a href=\"https:\/\/dolowy.com.pl\/nasadki-after-shave\/\">\r\n            <div class=\"ob-2 obraz\">\r\n                <div class=\"obraz-2-overlay product-overlay\">\r\n                    <h2 class=\"name-hover\">Nakr\u0119tki After Shave<\/h2>\r\n                    <div class=\"overlay-content\">Zobacz wi\u0119cej<br>\r\n                        <i class=\"fas fa-arrow-right\"><\/i><\/div>\r\n                <\/div>\r\n                <div class=\"obraz-2 \">&nbsp;<\/div>\r\n            <\/div>\r\n        <\/a>\r\n        <a href=\"https:\/\/dolowy.com.pl\/nasadki-z-pp\/\">\r\n        <div class=\"ob-3 obraz\">\r\n            <div class=\"obraz-3-overlay product-overlay\">\r\n                <h2 class=\"name-hover\">Nasadki z PP<\/h2>\r\n                <div class=\"overlay-content\">Zobacz wi\u0119cej<br>\r\n                    <i class=\"fas fa-arrow-right\"><\/i><\/div>\r\n            <\/div>\r\n            <div class=\"obraz-3\">&nbsp;<\/div>\r\n        <\/div>\r\n        <\/a>\r\n    <\/div>\r\n    <div class=\"col-sm-4\">\r\n        <a href=\"https:\/\/dolowy.com.pl\/akcesoria\/\">\r\n            <div class=\"ob-4 obraz\">\r\n                <div class=\"obraz-4-overlay product-overlay\">\r\n                    <h2 class=\"name-hover\">Akcesoria<\/h2>\r\n                    <div class=\"overlay-content\">Zobacz wi\u0119cej<br>\r\n                        <i class=\"fas fa-arrow-right\"><\/i><\/div>\r\n                <\/div>\r\n                <div class=\"obraz-4 \">&nbsp;<\/div>\r\n            <\/div>\r\n        <\/a>\r\n        <a href=\"https:\/\/dolowy.com.pl\/ozdoby\/\">\r\n            <div class=\"ob-6 obraz\">\r\n                <div class=\"obraz-6-overlay product-overlay\">\r\n                    <h2 class=\"name-hover\">Ozdoby<\/h2>\r\n                    <div class=\"overlay-content\">Zobacz wi\u0119cej<br>\r\n                        <i class=\"fas fa-arrow-right\"><\/i><\/div>\r\n                <\/div>\r\n                <div class=\"obraz-6 \">&nbsp;<\/div>\r\n            <\/div>\r\n        <\/a>\r\n        <a href=\"https:\/\/dolowy.com.pl\/inne\/\">\r\n            <div class=\"ob-7 obraz\">\r\n                <div class=\"obraz-7-overlay product-overlay\">\r\n                    <h2 class=\"name-hover\">Inne<\/h2>\r\n                    <div class=\"overlay-content\">Zobacz wi\u0119cej<br>\r\n                        <i class=\"fas fa-arrow-right\"><\/i><\/div>\r\n                <\/div>\r\n                <div class=\"obraz-7 \">&nbsp;<\/div>\r\n            <\/div>\r\n        <\/a>\r\n    <\/div>\r\n<\/div>\r\n<p><br>\r\n    \r\n<\/p>\r\n<div class=\"row row-projekty\">\r\n    <div class=\"col-sm-5\"><img decoding=\"async\" class=\"border-color\" style=\"width: 100%;\" src=\"https:\/\/dolowy.com.pl\/wp-content\/uploads\/2018\/07\/projekty-indywidualne.png\"><\/div>\r\n    <div class=\"col-sm-7\">\r\n        <div class=\"projekty-box\">\r\n            <h2 class=\"projekty\" style=\"padding-top: 0px;\">Projekty indywidualne<\/h2>\r\n            <p style=\"font-weight: 400; text-align: justify;\">Klientom, kt\u00f3rzy przychodz\u0105 do nas z w\u0142asnym projektem\r\n                oferujemy wykonanie formy oraz produkcje detali na wy\u0142\u0105czno\u015b\u0107. Nowoczesne narz\u0119dzia projektowe oraz\r\n                druk 3D usprawniaj\u0105 proces wdra\u017cania nowego pomys\u0142u. Nasi specjali\u015bci oraz sprz\u0119t, z kt\u00f3rego korzystamy\r\n                przy produkcji form daje naszym klientom poczucie bezpiecze\u0144stwa oraz wykonania us\u0142ugi na najwy\u017cszym\r\n                poziomie.<\/p>\r\n            <p style=\"font-weight: 400; text-align: justify;\">Zapraszamy do sk\u0142adania zapyta\u0144 pod adresem&nbsp;<a href=\"mailto:biuro@dolowy.com.pl\">biuro@dolowy.com.pl<\/a>.&nbsp;\r\n                Wsp\u00f3lnie przeanalizujemy mo\u017cliwo\u015bci produkcyjne oraz wybierzemy odpowiednie oprzyrz\u0105dowanie.<\/p>\r\n            <div class=\"more-btn-projekty\"><a href=\"https:\/\/dolowy.com.pl\/projekty-indywidualne\/\"><button>Sprawd\u017a!<\/button><\/a><\/div>\r\n        <\/div>\r\n    <\/div>\r\n<\/div>\r\n<div class=\"row row-zdobienia\">\r\n    <div class=\"col-sm-12\">\r\n       <a href=\"https:\/\/dolowy.com.pl\/zdobienia\/\"> <h2 class=\"zdobienia nag-h2\">ZDOBIENIA<\/h2><\/a>\r\n    <\/div>\r\n    <div class=\"col-sm-4\">\r\n        <a href=\"https:\/\/dolowy.com.pl\/zdobienia\/\"> <div class=\"obrazek-lewy\">&nbsp;<\/div><\/a>\r\n        <p>&nbsp;<\/p>\r\n    <\/div>\r\n    <div class=\"col-sm-4\">\r\n        <a href=\"https:\/\/dolowy.com.pl\/zdobienia\/\"> <div class=\"obrazek-sr\">&nbsp;<\/div><\/a>\r\n        <p>&nbsp;<\/p>\r\n    <\/div>\r\n    <div class=\"col-sm-4\">\r\n       <a href=\"https:\/\/dolowy.com.pl\/zdobienia\/\">  <div class=\"obrazek-prawy\">&nbsp;<\/div><\/a>\r\n        <p>&nbsp;<\/p>\r\n    <\/div>\r\n<\/div>\r\n\r\n","protected":false},"excerpt":{"rendered":"<p>Projekty indywidualne Klientom, kt\u00f3rzy przychodz\u0105 do nas z w\u0142asnym projektem oferujemy wykonanie formy oraz produkcje detali na wy\u0142\u0105czno\u015b\u0107. Nowoczesne narz\u0119dzia projektowe oraz druk 3D usprawniaj\u0105 proces wdra\u017cania nowego pomys\u0142u. Nasi specjali\u015bci oraz sprz\u0119t, z kt\u00f3rego korzystamy przy produkcji form daje naszym klientom poczucie bezpiecze\u0144stwa oraz wykonania us\u0142ugi na najwy\u017cszym poziomie. Zapraszamy do sk\u0142adania zapyta\u0144 pod adresem&nbsp;biuro@dolowy.com.pl.&nbsp; Wsp\u00f3lnie przeanalizujemy mo\u017cliwo\u015bci produkcyjne oraz wybierzemy odpowiednie oprzyrz\u0105dowanie. Sprawd\u017a! ZDOBIENIA &nbsp; &nbsp; &nbsp; &nbsp; &nbsp; &nbsp;<\/p>\n","protected":false},"author":1,"featured_media":0,"parent":0,"menu_order":0,"comment_status":"closed","ping_status":"closed","template":"page-templates\/frontpage.php","meta":{"footnotes":""},"_links":{"self":[{"href":"https:\/\/dolowy.com.pl\/index.php?rest_route=\/wp\/v2\/pages\/11"}],"collection":[{"href":"https:\/\/dolowy.com.pl\/index.php?rest_route=\/wp\/v2\/pages"}],"about":[{"href":"https:\/\/dolowy.com.pl\/index.php?rest_route=\/wp\/v2\/types\/page"}],"author":[{"embeddable":true,"href":"https:\/\/dolowy.com.pl\/index.php?rest_route=\/wp\/v2\/users\/1"}],"replies":[{"embeddable":true,"href":"https:\/\/dolowy.com.pl\/index.php?rest_route=%2Fwp%2Fv2%2Fcomments&post=11"}],"version-history":[{"count":120,"href":"https:\/\/dolowy.com.pl\/index.php?rest_route=\/wp\/v2\/pages\/11\/revisions"}],"predecessor-version":[{"id":1107,"href":"https:\/\/dolowy.com.pl\/index.php?rest_route=\/wp\/v2\/pages\/11\/revisions\/1107"}],"wp:attachment":[{"href":"https:\/\/dolowy.com.pl\/index.php?rest_route=%2Fwp%2Fv2%2Fmedia&parent=11"}],"curies":[{"name":"wp","href":"https:\/\/api.w.org\/{rel}","templated":true}]}}