{"id":255,"date":"2018-05-20T13:36:15","date_gmt":"2018-05-20T11:36:15","guid":{"rendered":"https:\/\/dolowy.com.pl\/?page_id=255"},"modified":"2018-11-07T10:52:40","modified_gmt":"2018-11-07T09:52:40","slug":"o-nas","status":"publish","type":"page","link":"https:\/\/dolowy.com.pl\/?page_id=255","title":{"rendered":"O nas"},"content":{"rendered":"<h2 class=\"onas-h2\">caps&amp;more<\/h2>\r\n<p style=\"font-weight: 400; text-align: center;\"><strong>Produkcj\u0105 element\u00f3w z tworzyw sztucznych zajmujemy si\u0119 ju\u017c blisko 30 lat. Jest to dla nas czas ci\u0105g\u0142ego post\u0119pu. Zaczynali\u015bmy bardzo skromnie, dwie p\u00f3\u0142automatyczne maszyny, niewielki zak\u0142ad. Szybko jednak zostali\u015bmy docenieni przez klient\u00f3w, przybywa\u0142o zlece\u0144 a wraz z nimi wtryskarek, pracownik\u00f3w i pomys\u0142\u00f3w na dalszy rozw\u00f3j.<\/strong><\/p>\r\n<p style=\"font-weight: 400; text-align: center;\">Dzisiaj pracujemy na najnowocze\u015bniejszych maszynach \u2013 g\u0142\u00f3wnie Arburgach. Przetwarzamy wi\u0119kszo\u015b\u0107 rodzaj\u00f3w surowc\u00f3w g\u0142\u00f3wnie: PP, ABS, PS, PE, SURLYN. W standardowej ofercie posiadamy ponad 100 wzor\u00f3w nasadek i nakr\u0119tek. Staramy si\u0119 regularnie poszerza\u0107 list\u0119 produkt\u00f3w og\u00f3lnie dost\u0119pnych. Klientom, kt\u00f3rzy poszukuj\u0105 niepowtarzalnych rozwi\u0105za\u0144 proponujemy stworzenie w\u0142asnego wzoru poprzez wykonanie nowej formy wtryskowej.<\/p>","protected":false},"excerpt":{"rendered":"<p>caps&amp;more Produkcj\u0105 element\u00f3w z tworzyw sztucznych zajmujemy si\u0119 ju\u017c blisko 30 lat. Jest to dla nas czas ci\u0105g\u0142ego post\u0119pu. Zaczynali\u015bmy bardzo skromnie, dwie p\u00f3\u0142automatyczne maszyny, niewielki zak\u0142ad. Szybko jednak zostali\u015bmy docenieni przez klient\u00f3w, przybywa\u0142o zlece\u0144 a wraz z nimi wtryskarek, pracownik\u00f3w i pomys\u0142\u00f3w na dalszy rozw\u00f3j. Dzisiaj pracujemy na najnowocze\u015bniejszych maszynach \u2013 g\u0142\u00f3wnie Arburgach. Przetwarzamy wi\u0119kszo\u015b\u0107 rodzaj\u00f3w surowc\u00f3w g\u0142\u00f3wnie: PP, ABS, PS, PE, SURLYN. W standardowej ofercie posiadamy ponad 100 wzor\u00f3w nasadek i nakr\u0119tek. Staramy si\u0119 regularnie poszerza\u0107 list\u0119 produkt\u00f3w og\u00f3lnie dost\u0119pnych. Klientom, kt\u00f3rzy poszukuj\u0105 niepowtarzalnych rozwi\u0105za\u0144 proponujemy stworzenie w\u0142asnego wzoru poprzez wykonanie nowej formy wtryskowej.<\/p>\n","protected":false},"author":1,"featured_media":0,"parent":0,"menu_order":0,"comment_status":"closed","ping_status":"closed","template":"page-templates\/default-page.php","meta":{"footnotes":""},"_links":{"self":[{"href":"https:\/\/dolowy.com.pl\/index.php?rest_route=\/wp\/v2\/pages\/255"}],"collection":[{"href":"https:\/\/dolowy.com.pl\/index.php?rest_route=\/wp\/v2\/pages"}],"about":[{"href":"https:\/\/dolowy.com.pl\/index.php?rest_route=\/wp\/v2\/types\/page"}],"author":[{"embeddable":true,"href":"https:\/\/dolowy.com.pl\/index.php?rest_route=\/wp\/v2\/users\/1"}],"replies":[{"embeddable":true,"href":"https:\/\/dolowy.com.pl\/index.php?rest_route=%2Fwp%2Fv2%2Fcomments&post=255"}],"version-history":[{"count":15,"href":"https:\/\/dolowy.com.pl\/index.php?rest_route=\/wp\/v2\/pages\/255\/revisions"}],"predecessor-version":[{"id":861,"href":"https:\/\/dolowy.com.pl\/index.php?rest_route=\/wp\/v2\/pages\/255\/revisions\/861"}],"wp:attachment":[{"href":"https:\/\/dolowy.com.pl\/index.php?rest_route=%2Fwp%2Fv2%2Fmedia&parent=255"}],"curies":[{"name":"wp","href":"https:\/\/api.w.org\/{rel}","templated":true}]}}