{"id":257,"date":"2018-05-20T13:36:41","date_gmt":"2018-05-20T11:36:41","guid":{"rendered":"https:\/\/dolowy.com.pl\/?page_id=257"},"modified":"2019-02-27T21:04:44","modified_gmt":"2019-02-27T20:04:44","slug":"zdobienia","status":"publish","type":"page","link":"https:\/\/dolowy.com.pl\/?page_id=257","title":{"rendered":"Zdobienia"},"content":{"rendered":"<h2 class=\"onas-h2\">caps&amp;more<\/h2>\r\n<p style=\"font-weight: 500; font-size: 16px !important; line-height: 100% !important; text-align: center; padding-bottom: 30px;\">Proponujemy wykonanie:<strong> metalizacji, galwanizacji, nadruku HS<\/strong>.\r\nWsp\u00f3\u0142pracujemy z wysokiej klasy specjalistami, kt\u00f3rzy gwarantuj\u0105 wykonanie us\u0142ug na najwy\u017cszym poziomie.<\/p>\r\n<div class=\"zdobienia-main row\">\r\n<div class=\"row\" style=\"width:100%; padding-bottom:30px\">\r\n<div class=\"col-sm-4\"><a href=\"https:\/\/dolowy.com.pl\/wp-content\/uploads\/2018\/07\/P1120011.jpg\" data-lightbox=\"zdobienia\"><img loading=\"lazy\" decoding=\"async\" class=\"alignnone size-medium wp-image-557 alignleft\" src=\"https:\/\/dolowy.com.pl\/wp-content\/uploads\/2018\/07\/P1120011-300x169.jpg\" alt=\"\" width=\"300\" height=\"169\" srcset=\"https:\/\/dolowy.com.pl\/wp-content\/uploads\/2018\/07\/P1120011-300x169.jpg 300w, https:\/\/dolowy.com.pl\/wp-content\/uploads\/2018\/07\/P1120011-768x432.jpg 768w, https:\/\/dolowy.com.pl\/wp-content\/uploads\/2018\/07\/P1120011-1024x576.jpg 1024w\" sizes=\"(max-width: 300px) 100vw, 300px\" \/>\r\n<\/a><\/div>\r\n<div class=\"col-sm-4\"><a href=\"https:\/\/dolowy.com.pl\/wp-content\/uploads\/2018\/07\/P1120010.jpg\" data-lightbox=\"zdobienia\"><img loading=\"lazy\" decoding=\"async\" class=\"alignnone size-medium wp-image-555 alignleft\" src=\"https:\/\/dolowy.com.pl\/wp-content\/uploads\/2018\/07\/P1120010-300x169.jpg\" alt=\"\" width=\"300\" height=\"169\" srcset=\"https:\/\/dolowy.com.pl\/wp-content\/uploads\/2018\/07\/P1120010-300x169.jpg 300w, https:\/\/dolowy.com.pl\/wp-content\/uploads\/2018\/07\/P1120010-768x432.jpg 768w, https:\/\/dolowy.com.pl\/wp-content\/uploads\/2018\/07\/P1120010-1024x576.jpg 1024w\" sizes=\"(max-width: 300px) 100vw, 300px\" \/><\/a><\/div>\r\n<div class=\"col-sm-4\"><a href=\"https:\/\/dolowy.com.pl\/wp-content\/uploads\/2018\/07\/zdobienia2.jpg\" data-lightbox=\"zdobienia\">\r\n<img loading=\"lazy\" decoding=\"async\" class=\"alignnone size-medium wp-image-571 alignleft\" src=\"https:\/\/dolowy.com.pl\/wp-content\/uploads\/2018\/07\/zdobienia2-300x169.jpg\" alt=\"\" width=\"300\" height=\"169\" srcset=\"https:\/\/dolowy.com.pl\/wp-content\/uploads\/2018\/07\/zdobienia2-300x169.jpg 300w, https:\/\/dolowy.com.pl\/wp-content\/uploads\/2018\/07\/zdobienia2-768x432.jpg 768w, https:\/\/dolowy.com.pl\/wp-content\/uploads\/2018\/07\/zdobienia2-1024x576.jpg 1024w, https:\/\/dolowy.com.pl\/wp-content\/uploads\/2018\/07\/zdobienia2.jpg 1266w\" sizes=\"(max-width: 300px) 100vw, 300px\" \/>\r\n<\/a><\/div>\r\n<\/div>\r\n<div class=\"row\" style=\"width:100%;\">\r\n<div class=\"col-sm-4\"><a href=\"https:\/\/dolowy.com.pl\/wp-content\/uploads\/2018\/07\/P1120009.jpg\" data-lightbox=\"zdobienia\">\r\n<img loading=\"lazy\" decoding=\"async\" class=\"alignnone size-medium wp-image-553 alignleft\" src=\"https:\/\/dolowy.com.pl\/wp-content\/uploads\/2018\/07\/P1120009-300x169.jpg\" alt=\"\" width=\"300\" height=\"169\" srcset=\"https:\/\/dolowy.com.pl\/wp-content\/uploads\/2018\/07\/P1120009-300x169.jpg 300w, https:\/\/dolowy.com.pl\/wp-content\/uploads\/2018\/07\/P1120009-768x432.jpg 768w, https:\/\/dolowy.com.pl\/wp-content\/uploads\/2018\/07\/P1120009-1024x576.jpg 1024w\" sizes=\"(max-width: 300px) 100vw, 300px\" \/>\r\n<\/a><\/div>\r\n<div class=\"col-sm-4\"><a href=\"https:\/\/dolowy.com.pl\/wp-content\/uploads\/2018\/07\/P1120032.jpg\" data-lightbox=\"zdobienia\">\r\n<\/a><a href=\"https:\/\/dolowy.com.pl\/wp-content\/uploads\/2018\/07\/zdobienia1.jpg\" data-lightbox=\"zdobienia\"><img loading=\"lazy\" decoding=\"async\" class=\"alignnone size-medium wp-image-569 alignleft\" src=\"https:\/\/dolowy.com.pl\/wp-content\/uploads\/2018\/07\/zdobienia1-300x169.jpg\" alt=\"\" width=\"300\" height=\"169\" srcset=\"https:\/\/dolowy.com.pl\/wp-content\/uploads\/2018\/07\/zdobienia1-300x169.jpg 300w, https:\/\/dolowy.com.pl\/wp-content\/uploads\/2018\/07\/zdobienia1-768x432.jpg 768w, https:\/\/dolowy.com.pl\/wp-content\/uploads\/2018\/07\/zdobienia1-1024x576.jpg 1024w, https:\/\/dolowy.com.pl\/wp-content\/uploads\/2018\/07\/zdobienia1.jpg 1266w\" sizes=\"(max-width: 300px) 100vw, 300px\" \/><\/a><\/div>\r\n<div class=\"col-sm-4\"><a href=\"https:\/\/dolowy.com.pl\/wp-content\/uploads\/2018\/07\/zdobienia4.jpg\" data-lightbox=\"zdobienia\">\r\n<img loading=\"lazy\" decoding=\"async\" class=\"alignnone size-medium wp-image-580 alignleft\" src=\"https:\/\/dolowy.com.pl\/wp-content\/uploads\/2018\/07\/zdobienia4-300x169.jpg\" alt=\"\" width=\"300\" height=\"169\" srcset=\"https:\/\/dolowy.com.pl\/wp-content\/uploads\/2018\/07\/zdobienia4-300x169.jpg 300w, https:\/\/dolowy.com.pl\/wp-content\/uploads\/2018\/07\/zdobienia4-768x432.jpg 768w, https:\/\/dolowy.com.pl\/wp-content\/uploads\/2018\/07\/zdobienia4-1024x576.jpg 1024w, https:\/\/dolowy.com.pl\/wp-content\/uploads\/2018\/07\/zdobienia4.jpg 1266w\" sizes=\"(max-width: 300px) 100vw, 300px\" \/>\r\n<\/a><\/div>\r\n<\/div>\r\n<\/div>","protected":false},"excerpt":{"rendered":"<p>caps&amp;more Proponujemy wykonanie: metalizacji, galwanizacji, nadruku HS. Wsp\u00f3\u0142pracujemy z wysokiej klasy specjalistami, kt\u00f3rzy gwarantuj\u0105 wykonanie us\u0142ug na najwy\u017cszym poziomie.<\/p>\n","protected":false},"author":1,"featured_media":0,"parent":0,"menu_order":0,"comment_status":"closed","ping_status":"closed","template":"page-templates\/default-page-zdobienia.php","meta":{"footnotes":""},"_links":{"self":[{"href":"https:\/\/dolowy.com.pl\/index.php?rest_route=\/wp\/v2\/pages\/257"}],"collection":[{"href":"https:\/\/dolowy.com.pl\/index.php?rest_route=\/wp\/v2\/pages"}],"about":[{"href":"https:\/\/dolowy.com.pl\/index.php?rest_route=\/wp\/v2\/types\/page"}],"author":[{"embeddable":true,"href":"https:\/\/dolowy.com.pl\/index.php?rest_route=\/wp\/v2\/users\/1"}],"replies":[{"embeddable":true,"href":"https:\/\/dolowy.com.pl\/index.php?rest_route=%2Fwp%2Fv2%2Fcomments&post=257"}],"version-history":[{"count":42,"href":"https:\/\/dolowy.com.pl\/index.php?rest_route=\/wp\/v2\/pages\/257\/revisions"}],"predecessor-version":[{"id":818,"href":"https:\/\/dolowy.com.pl\/index.php?rest_route=\/wp\/v2\/pages\/257\/revisions\/818"}],"wp:attachment":[{"href":"https:\/\/dolowy.com.pl\/index.php?rest_route=%2Fwp%2Fv2%2Fmedia&parent=257"}],"curies":[{"name":"wp","href":"https:\/\/api.w.org\/{rel}","templated":true}]}}