{"id":524,"date":"2018-06-13T23:51:34","date_gmt":"2018-06-13T21:51:34","guid":{"rendered":"https:\/\/dolowy.com.pl\/?page_id=524"},"modified":"2018-10-02T00:30:58","modified_gmt":"2018-10-01T22:30:58","slug":"nasadki-z-drewna","status":"publish","type":"page","link":"https:\/\/dolowy.com.pl\/?page_id=524","title":{"rendered":"Nasadki z drewna"},"content":{"rendered":"<h2 class=\"onas-h2\">caps&amp;more<\/h2>\r\n<p style=\"font-weight: 500; font-size: 16px !important; line-height: 100% !important; text-align: center; padding-bottom: 30px;\">Drewniane nasadki to wyb\u00f3r najbardziej wymagaj\u0105cych klient\u00f3w. <br\/> Naturalny materia\u0142, szeroka paleta kolor\u00f3w oraz mo\u017cliwo\u015b\u0107 personalizacji kszta\u0142tu stanowi\u0105 o wyj\u0105tkowo\u015bci tego produktu.<\/p>\r\n\n\t\t<style type=\"text\/css\">\n\t\t\t#gallery-1 {\n\t\t\t\tmargin: auto;\n\t\t\t}\n\t\t\t#gallery-1 .gallery-item {\n\t\t\t\tfloat: left;\n\t\t\t\tmargin-top: 10px;\n\t\t\t\ttext-align: center;\n\t\t\t\twidth: 33%;\n\t\t\t}\n\t\t\t#gallery-1 img {\n\t\t\t\tborder: 2px solid #cfcfcf;\n\t\t\t}\n\t\t\t#gallery-1 .gallery-caption {\n\t\t\t\tmargin-left: 0;\n\t\t\t}\n\t\t\t\/* see gallery_shortcode() in wp-includes\/media.php *\/\n\t\t<\/style>\n\t\t<div id='gallery-1' class='gallery galleryid-524 gallery-columns-3 gallery-size-medium'><dl class='gallery-item'>\n\t\t\t<dt class='gallery-icon landscape'>\n\t\t\t\t<a href='https:\/\/dolowy.com.pl\/wp-content\/uploads\/2018\/07\/drewniane-nasadki.jpg'><img loading=\"lazy\" decoding=\"async\" width=\"300\" height=\"200\" src=\"https:\/\/dolowy.com.pl\/wp-content\/uploads\/2018\/07\/drewniane-nasadki-300x200.jpg\" class=\"attachment-medium size-medium\" alt=\"\" srcset=\"https:\/\/dolowy.com.pl\/wp-content\/uploads\/2018\/07\/drewniane-nasadki-300x200.jpg 300w, https:\/\/dolowy.com.pl\/wp-content\/uploads\/2018\/07\/drewniane-nasadki-768x512.jpg 768w, https:\/\/dolowy.com.pl\/wp-content\/uploads\/2018\/07\/drewniane-nasadki-1024x683.jpg 1024w, https:\/\/dolowy.com.pl\/wp-content\/uploads\/2018\/07\/drewniane-nasadki.jpg 1123w\" sizes=\"(max-width: 300px) 100vw, 300px\" \/><\/a>\n\t\t\t<\/dt><\/dl><dl class='gallery-item'>\n\t\t\t<dt class='gallery-icon landscape'>\n\t\t\t\t<a href='https:\/\/dolowy.com.pl\/wp-content\/uploads\/2018\/07\/drewniana-nasadka-dolowy.jpg'><img loading=\"lazy\" decoding=\"async\" width=\"300\" height=\"200\" src=\"https:\/\/dolowy.com.pl\/wp-content\/uploads\/2018\/07\/drewniana-nasadka-dolowy-300x200.jpg\" class=\"attachment-medium size-medium\" alt=\"\" srcset=\"https:\/\/dolowy.com.pl\/wp-content\/uploads\/2018\/07\/drewniana-nasadka-dolowy-300x200.jpg 300w, https:\/\/dolowy.com.pl\/wp-content\/uploads\/2018\/07\/drewniana-nasadka-dolowy-768x512.jpg 768w, https:\/\/dolowy.com.pl\/wp-content\/uploads\/2018\/07\/drewniana-nasadka-dolowy-1024x683.jpg 1024w, https:\/\/dolowy.com.pl\/wp-content\/uploads\/2018\/07\/drewniana-nasadka-dolowy.jpg 1123w\" sizes=\"(max-width: 300px) 100vw, 300px\" \/><\/a>\n\t\t\t<\/dt><\/dl><dl class='gallery-item'>\n\t\t\t<dt class='gallery-icon landscape'>\n\t\t\t\t<a href='https:\/\/dolowy.com.pl\/wp-content\/uploads\/2018\/07\/drewniana-nasadka.jpg'><img loading=\"lazy\" decoding=\"async\" width=\"300\" height=\"200\" src=\"https:\/\/dolowy.com.pl\/wp-content\/uploads\/2018\/07\/drewniana-nasadka-300x200.jpg\" class=\"attachment-medium size-medium\" alt=\"\" srcset=\"https:\/\/dolowy.com.pl\/wp-content\/uploads\/2018\/07\/drewniana-nasadka-300x200.jpg 300w, https:\/\/dolowy.com.pl\/wp-content\/uploads\/2018\/07\/drewniana-nasadka-768x512.jpg 768w, https:\/\/dolowy.com.pl\/wp-content\/uploads\/2018\/07\/drewniana-nasadka-1024x683.jpg 1024w, https:\/\/dolowy.com.pl\/wp-content\/uploads\/2018\/07\/drewniana-nasadka.jpg 1123w\" sizes=\"(max-width: 300px) 100vw, 300px\" \/><\/a>\n\t\t\t<\/dt><\/dl><br style=\"clear: both\" \/>\n\t\t<\/div>\n\r\n\r\n&nbsp;\r\n\r\n&nbsp;","protected":false},"excerpt":{"rendered":"<p>caps&amp;more Drewniane nasadki to wyb\u00f3r najbardziej wymagaj\u0105cych klient\u00f3w. Naturalny materia\u0142, szeroka paleta kolor\u00f3w oraz mo\u017cliwo\u015b\u0107 personalizacji kszta\u0142tu stanowi\u0105 o wyj\u0105tkowo\u015bci tego produktu. &nbsp; &nbsp;<\/p>\n","protected":false},"author":1,"featured_media":0,"parent":0,"menu_order":0,"comment_status":"closed","ping_status":"closed","template":"page-templates\/default-page.php","meta":{"footnotes":""},"_links":{"self":[{"href":"https:\/\/dolowy.com.pl\/index.php?rest_route=\/wp\/v2\/pages\/524"}],"collection":[{"href":"https:\/\/dolowy.com.pl\/index.php?rest_route=\/wp\/v2\/pages"}],"about":[{"href":"https:\/\/dolowy.com.pl\/index.php?rest_route=\/wp\/v2\/types\/page"}],"author":[{"embeddable":true,"href":"https:\/\/dolowy.com.pl\/index.php?rest_route=\/wp\/v2\/users\/1"}],"replies":[{"embeddable":true,"href":"https:\/\/dolowy.com.pl\/index.php?rest_route=%2Fwp%2Fv2%2Fcomments&post=524"}],"version-history":[{"count":6,"href":"https:\/\/dolowy.com.pl\/index.php?rest_route=\/wp\/v2\/pages\/524\/revisions"}],"predecessor-version":[{"id":802,"href":"https:\/\/dolowy.com.pl\/index.php?rest_route=\/wp\/v2\/pages\/524\/revisions\/802"}],"wp:attachment":[{"href":"https:\/\/dolowy.com.pl\/index.php?rest_route=%2Fwp%2Fv2%2Fmedia&parent=524"}],"curies":[{"name":"wp","href":"https:\/\/api.w.org\/{rel}","templated":true}]}}