{"id":882,"date":"2018-12-18T07:46:29","date_gmt":"2018-12-18T06:46:29","guid":{"rendered":"https:\/\/dolowy.com.pl\/?page_id=882"},"modified":"2018-12-19T23:14:25","modified_gmt":"2018-12-19T22:14:25","slug":"contact","status":"publish","type":"page","link":"https:\/\/dolowy.com.pl\/?page_id=882&lang=en","title":{"rendered":"Contact"},"content":{"rendered":"<div style=\"text-align: center; padding-bottom: 70px;\">\n<h2 style=\"font-size: 36px; font-weight: 300;\">Przetw\u00f3rstwo Tworzyw Do\u0142owy<\/h2>\n<strong>Przetw\u00f3rstwo Tworzyw &#8222;Do\u0142owy&#8221; Jan Do\u0142owy<\/strong>\nTrakt Brzeski 117, Zakr\u0119t, 05-077 Weso\u0142a\nBIURO@DOLOWY.COM.PL\n\ntel.+48 22 872 27 01; fax.+48 22 773 23 54\ntel. kom. + 48 601 292 006; + 48 601 32 33 38\n\n<\/div>\n<div class=\"row\">\n<div class=\"col-sm-12\">\n<div id=\"map\"><\/div>\n<\/div>\n<\/div>","protected":false},"excerpt":{"rendered":"<p>Przetw\u00f3rstwo Tworzyw Do\u0142owy Przetw\u00f3rstwo Tworzyw &#8222;Do\u0142owy&#8221; Jan Do\u0142owy Trakt Brzeski 117, Zakr\u0119t, 05-077 Weso\u0142a BIURO@DOLOWY.COM.PL tel.+48 22 872 27 01; fax.+48 22 773 23 54 tel. kom. + 48 601 292 006; + 48 601 32 33 38<\/p>\n","protected":false},"author":1,"featured_media":0,"parent":0,"menu_order":0,"comment_status":"closed","ping_status":"closed","template":"page-templates\/default-page.php","meta":{"footnotes":""},"_links":{"self":[{"href":"https:\/\/dolowy.com.pl\/index.php?rest_route=\/wp\/v2\/pages\/882"}],"collection":[{"href":"https:\/\/dolowy.com.pl\/index.php?rest_route=\/wp\/v2\/pages"}],"about":[{"href":"https:\/\/dolowy.com.pl\/index.php?rest_route=\/wp\/v2\/types\/page"}],"author":[{"embeddable":true,"href":"https:\/\/dolowy.com.pl\/index.php?rest_route=\/wp\/v2\/users\/1"}],"replies":[{"embeddable":true,"href":"https:\/\/dolowy.com.pl\/index.php?rest_route=%2Fwp%2Fv2%2Fcomments&post=882"}],"version-history":[{"count":3,"href":"https:\/\/dolowy.com.pl\/index.php?rest_route=\/wp\/v2\/pages\/882\/revisions"}],"predecessor-version":[{"id":956,"href":"https:\/\/dolowy.com.pl\/index.php?rest_route=\/wp\/v2\/pages\/882\/revisions\/956"}],"wp:attachment":[{"href":"https:\/\/dolowy.com.pl\/index.php?rest_route=%2Fwp%2Fv2%2Fmedia&parent=882"}],"curies":[{"name":"wp","href":"https:\/\/api.w.org\/{rel}","templated":true}]}}